{"id":122,"date":"2020-12-12T10:14:41","date_gmt":"2020-12-12T10:14:41","guid":{"rendered":"https:\/\/a-joint.ch\/?page_id=122"},"modified":"2023-08-08T11:14:38","modified_gmt":"2023-08-08T09:14:38","slug":"kontakt","status":"publish","type":"page","link":"https:\/\/a-joint.ch\/fr_fr\/kontakt\/","title":{"rendered":"Contact"},"content":{"rendered":"<div data-elementor-type=\"wp-page\" data-elementor-id=\"122\" class=\"elementor elementor-122\" data-elementor-post-type=\"page\">\n\t\t\t\t\t\t<section class=\"elementor-section elementor-top-section elementor-element elementor-element-edc95e6 elementor-section-full_width elementor-section-height-default elementor-section-height-default\" data-id=\"edc95e6\" data-element_type=\"section\" data-e-type=\"section\">\n\t\t\t\t\t\t<div class=\"elementor-container elementor-column-gap-default\">\n\t\t\t\t\t<div class=\"elementor-column elementor-col-100 elementor-top-column elementor-element elementor-element-12b3d7c\" data-id=\"12b3d7c\" data-element_type=\"column\" data-e-type=\"column\">\n\t\t\t<div class=\"elementor-widget-wrap elementor-element-populated\">\n\t\t\t\t\t\t<div class=\"elementor-element elementor-element-d2014b4 elementor-widget elementor-widget-text-editor\" data-id=\"d2014b4\" data-element_type=\"widget\" data-e-type=\"widget\" data-widget_type=\"text-editor.default\">\n\t\t\t\t<div class=\"elementor-widget-container\">\n\t\t\t\t\t\t\t\t\t<p><div id=\"wpgmza_map_1\" class=\"wpgmza_map wpgmza-auto-left\" style=\"display:block;width:100%;height:700px;overflow:hidden;position:relative;\" data-map-id=\"1\" data-maps-engine=\"open-layers\" data-build-engine=\"atlas-novus\" data-shortcode-attributes=\"{&quot;id&quot;:&quot;1&quot;,&quot;zoom&quot;:false,&quot;width&quot;:false,&quot;height&quot;:false,&quot;marker&quot;:false,&quot;classname&quot;:false}\" data-settings=\"{&quot;map_title&quot;:&quot;Meine erste Karte&quot;,&quot;map_width&quot;:&quot;100&quot;,&quot;map_height&quot;:&quot;700&quot;,&quot;map_start_lat&quot;:&quot;47.26412449833664&quot;,&quot;map_start_lng&quot;:&quot;8.16741815113958&quot;,&quot;map_start_location&quot;:&quot;45.950464398418106,-109.81550500000003&quot;,&quot;map_start_zoom&quot;:&quot;10&quot;,&quot;default_marker&quot;:&quot;&quot;,&quot;type&quot;:&quot;1&quot;,&quot;alignment&quot;:&quot;4&quot;,&quot;directions_enabled&quot;:&quot;0&quot;,&quot;styling_enabled&quot;:&quot;0&quot;,&quot;styling_json&quot;:&quot;&quot;,&quot;active&quot;:&quot;0&quot;,&quot;kml&quot;:&quot;&quot;,&quot;bicycle&quot;:&quot;0&quot;,&quot;traffic&quot;:&quot;0&quot;,&quot;dbox&quot;:&quot;0&quot;,&quot;dbox_width&quot;:&quot;&quot;,&quot;listmarkers&quot;:&quot;0&quot;,&quot;listmarkers_advanced&quot;:&quot;0&quot;,&quot;filterbycat&quot;:&quot;0&quot;,&quot;ugm_enabled&quot;:&quot;0&quot;,&quot;ugm_category_enabled&quot;:&quot;0&quot;,&quot;fusion&quot;:&quot;&quot;,&quot;map_width_type&quot;:&quot;%&quot;,&quot;map_height_type&quot;:&quot;px&quot;,&quot;mass_marker_support&quot;:&quot;0&quot;,&quot;ugm_access&quot;:&quot;0&quot;,&quot;order_markers_by&quot;:&quot;0&quot;,&quot;order_markers_choice&quot;:&quot;0&quot;,&quot;show_user_location&quot;:&quot;0&quot;,&quot;default_to&quot;:&quot;&quot;,&quot;map_type&quot;:1,&quot;sl_stroke_color&quot;:&quot;&quot;,&quot;sl_fill_color&quot;:&quot;&quot;,&quot;sl_stroke_opacity&quot;:&quot;&quot;,&quot;sl_fill_opacity&quot;:&quot;&quot;,&quot;transport_layer&quot;:false,&quot;action&quot;:&quot;wpgmza_save_map&quot;,&quot;redirect_to&quot;:&quot;\\\/wp-admin\\\/admin-post.php&quot;,&quot;map_id&quot;:&quot;1&quot;,&quot;wpgmza_savemap&quot;:&quot;Karte speichern&quot;,&quot;http_referer&quot;:&quot;\\\/wp-admin\\\/admin.php?page=wp-google-maps-menu&amp;amp;action=edit&amp;amp;map_id=1&quot;,&quot;wpgmza_id&quot;:&quot;1&quot;,&quot;wpgmza_start_location&quot;:&quot;47.26412449833664,8.16741815113958&quot;,&quot;wpgmza_start_zoom&quot;:&quot;10&quot;,&quot;wpgmza_map_align&quot;:&quot;1&quot;,&quot;store_locator_enabled&quot;:false,&quot;store_locator_distance&quot;:false,&quot;store_locator_search_area&quot;:&quot;radial&quot;,&quot;wpgmza_store_locator_default_radius&quot;:&quot;10&quot;,&quot;store_locator_auto_area_max_zoom&quot;:&quot;&quot;,&quot;wpgmza_store_locator_radius_style&quot;:&quot;modern&quot;,&quot;store_locator_component_anchor&quot;:&quot;0&quot;,&quot;wpgmza_store_locator_bounce&quot;:false,&quot;wpgmza_sl_animation&quot;:null,&quot;store_locator_query_string&quot;:&quot;&quot;,&quot;store_locator_location_placeholder&quot;:&quot;&quot;,&quot;store_locator_default_address&quot;:&quot;&quot;,&quot;store_locator_name_search&quot;:false,&quot;store_locator_name_string&quot;:&quot;&quot;,&quot;store_locator_not_found_message&quot;:&quot;&quot;,&quot;store_locator_show_distance&quot;:false,&quot;store_locator_category&quot;:false,&quot;wpgmza_store_locator_use_their_location&quot;:false,&quot;wpgmza_store_locator_hide_before_search&quot;:false,&quot;store_locator_nearby_searches&quot;:false,&quot;wpgmza_theme_data&quot;:&quot;&quot;,&quot;custom_tile_enabled&quot;:false,&quot;custom_tile_image&quot;:&quot;&quot;,&quot;custom_tile_image_width&quot;:&quot;&quot;,&quot;custom_tile_image_height&quot;:&quot;&quot;,&quot;custom_tile_image_attribution&quot;:&quot;&quot;,&quot;iw_primary_color&quot;:&quot;#000000&quot;,&quot;iw_accent_color&quot;:&quot;#000000&quot;,&quot;iw_text_color&quot;:&quot;#000000&quot;,&quot;close_infowindow_on_map_click&quot;:false,&quot;marker_share_links&quot;:false,&quot;wpgmza_listmarkers_by&quot;:&quot;0&quot;,&quot;marker_listing_component_anchor&quot;:null,&quot;marker_listing_component_auto_open&quot;:false,&quot;dataTable_pagination_style&quot;:null,&quot;category_filter_component_anchor&quot;:null,&quot;zoom_level_on_marker_listing_override&quot;:false,&quot;zoom_level_on_marker_listing_click&quot;:&quot;&quot;,&quot;marker_listing_disable_zoom&quot;:false,&quot;datatable_no_result_message&quot;:&quot;&quot;,&quot;remove_search_box_datables&quot;:false,&quot;datatable_search_string&quot;:&quot;&quot;,&quot;datatable_result_start&quot;:&quot;&quot;,&quot;datatable_result_of&quot;:&quot;&quot;,&quot;datatable_result_to&quot;:&quot;&quot;,&quot;datatable_result_total&quot;:&quot;&quot;,&quot;datatable_result_show&quot;:&quot;&quot;,&quot;datatable_result_entries&quot;:&quot;&quot;,&quot;category_legends_enabled&quot;:false,&quot;category_legends_component_anchor&quot;:null,&quot;jump_to_nearest_marker_on_initialization&quot;:false,&quot;click_open_link&quot;:false,&quot;wpgmza_zoom_on_marker_click&quot;:false,&quot;wpgmza_zoom_on_marker_click_slider&quot;:&quot;&quot;,&quot;polygon_labels&quot;:false,&quot;disable_polygon_info_windows&quot;:false,&quot;fit_maps_bounds_to_markers&quot;:false,&quot;fit_maps_bounds_to_markers_after_filtering&quot;:false,&quot;automatically_pan_to_users_location&quot;:false,&quot;override_users_location_zoom_level&quot;:false,&quot;override_users_location_zoom_levels&quot;:&quot;&quot;,&quot;show_distance_from_location&quot;:false,&quot;map_starts_in_streetview&quot;:false,&quot;map_starts_in_streetview_location&quot;:&quot;&quot;,&quot;map_starts_in_streetview_heading&quot;:&quot;&quot;,&quot;map_starts_in_streetview_pitch&quot;:&quot;&quot;,&quot;map_max_zoom&quot;:&quot;21&quot;,&quot;map_min_zoom&quot;:&quot;0&quot;,&quot;hide_point_of_interest&quot;:false,&quot;disable_lightbox_images&quot;:false,&quot;use_Raw_Jpeg_Coordinates&quot;:false,&quot;enable_marker_ratings&quot;:false,&quot;only_load_markers_within_viewport&quot;:false,&quot;id&quot;:1}\" ><\/div><\/p>\t\t\t\t\t\t\t\t<\/div>\n\t\t\t\t<\/div>\n\t\t\t\t\t<\/div>\n\t\t<\/div>\n\t\t\t\t\t<\/div>\n\t\t<\/section>\n\t\t\t\t<section class=\"elementor-section elementor-top-section elementor-element elementor-element-2f68df8 elementor-section-boxed elementor-section-height-default elementor-section-height-default\" data-id=\"2f68df8\" data-element_type=\"section\" data-e-type=\"section\">\n\t\t\t\t\t\t<div class=\"elementor-container elementor-column-gap-default\">\n\t\t\t\t\t<div class=\"elementor-column elementor-col-50 elementor-top-column elementor-element elementor-element-648b0ef\" data-id=\"648b0ef\" data-element_type=\"column\" data-e-type=\"column\">\n\t\t\t<div class=\"elementor-widget-wrap elementor-element-populated\">\n\t\t\t\t\t\t<div class=\"elementor-element elementor-element-b21f177 elementor-widget elementor-widget-contact-info\" data-id=\"b21f177\" data-element_type=\"widget\" data-e-type=\"widget\" data-widget_type=\"contact-info.default\">\n\t\t\t\t<div class=\"elementor-widget-container\">\n\t\t\t\t\t\t\t<div class=\"contact-info\">\n\t\t\t<div class=\"contact-info-inner\">\n\t\t\t\t<!-- TITLE START-->\n\t\t\t\t<div class=\"section-head left wt-small-separator-outer\">\n\t\t\t\t\t<div class=\"wt-small-separator site-text-primary\">\n\t\t\t\t\t\t<div class=\"sep-leaf-left\"><\/div>\n\t\t\t\t\t\t<div> Nous nous r\u00e9jouissons de vous accueillir !<\/div>\n\t\t\t\t\t\t<div class=\"sep-leaf-right\"><\/div>\n\t\t\t\t\t<\/div>\n\t\t\t\t\t<h2>Contact<\/h2>\n\t\t\t\t\t\n\t\t\t\t<\/div>\n\t\t\t\t<!-- TITLE END-->\n\t\t\t\t<div class=\"contact-info-section\">  \n\t\t\t\t\t\t\n\t\t\t\t\t\t<div class=\"wt-icon-box-wraper left m-b30\">\n\t\t\t\t\t\t\t<div class=\"icon-content\">\n\t\t\t\t\t\t\t\t<span class=\"m-t0\">Num\u00e9ro de t\u00e9l\u00e9phone<\/span>\n\t\t\t\t\t\t\t\t<p><p class=\"p1\">+41 52 670 14 67<\/p><\/p>\n\t\t\t\t\t\t\t<\/div>\n\t\t\t\t\t\t<\/div>\n\t\t\t\t\t\t\t\n\t\t\t\t\t\t<div class=\"wt-icon-box-wraper left m-b30\">\n\t\t\t\t\t\t\t<div class=\"icon-content\">\n\t\t\t\t\t\t\t\t<span class=\"m-t0\">Adresse \u00e9lectronique<\/span>\n\t\t\t\t\t\t\t\t<p>info@atlas-natursteine.ch\n<\/p>\n\t\t\t\t\t\t\t<\/div>\n\t\t\t\t\t\t<\/div>\n\t\t\t\t\t\t\t\n\t\t\t\t\t\t<div class=\"wt-icon-box-wraper left m-b30\">\n\t\t\t\t\t\t\t<div class=\"icon-content\">\n\t\t\t\t\t\t\t\t<span class=\"m-t0\">Adresse<\/span>\n\t\t\t\t\t\t\t\t<p><p>Atlas Natursteine AG<\/p><p>Alti Ruedelfingerstrasse 19, 8460 Marthalen<\/p><\/p>\n\t\t\t\t\t\t\t<\/div>\n\t\t\t\t\t\t<\/div>\n\t\t\t\t\t\t\t\n\t\t\t\t\t\t<div class=\"wt-icon-box-wraper left m-b30\">\n\t\t\t\t\t\t\t<div class=\"icon-content\">\n\t\t\t\t\t\t\t\t<span class=\"m-t0\">Heures d'ouverture en \u00e9t\u00e9<\/span>\n\t\t\t\t\t\t\t\t<p><p>(du 1er mars \u00e0 fin octobre)<br \/>Lun. - Jeu. 7:00 - 12:00, 13:00 - 17:30<br \/>Ve. 7h00 - 12h00, 13h00 - 16h00<br \/>samedi 8h00 - 13h00<\/p><\/p>\n\t\t\t\t\t\t\t<\/div>\n\t\t\t\t\t\t<\/div>\n\t\t\t\t\t\t\t\n\t\t\t\t\t\t<div class=\"wt-icon-box-wraper left\">\n\t\t\t\t\t\t\t<div class=\"icon-content\">\n\t\t\t\t\t\t\t\t<span class=\"m-t0\">Heures d'ouverture en hiver<\/span>\n\t\t\t\t\t\t\t\t<p><p>(du 1er novembre \u00e0 fin f\u00e9vrier)<br \/>Lundi - Jeudi 7:30 - 12:00, 13:00 - 17:00<br \/>ven. 7h30 - 12h00, 13h00 - 16h00<br \/>samedi de 9h00 \u00e0 12h00<\/p><\/p>\n\t\t\t\t\t\t\t<\/div>\n\t\t\t\t\t\t<\/div>\n\t\t\t\t\t\t\t\t\t\t<\/div>\n\t\t\t<\/div>\n\t\t<\/div>\n\t\t\t\t\t\t<\/div>\n\t\t\t\t<\/div>\n\t\t\t\t\t<\/div>\n\t\t<\/div>\n\t\t\t\t<div class=\"elementor-column elementor-col-50 elementor-top-column elementor-element elementor-element-6f08a64\" data-id=\"6f08a64\" data-element_type=\"column\" data-e-type=\"column\">\n\t\t\t<div class=\"elementor-widget-wrap elementor-element-populated\">\n\t\t\t\t\t\t<div class=\"elementor-element elementor-element-7d89561 elementor-widget elementor-widget-shortcode\" data-id=\"7d89561\" data-element_type=\"widget\" data-e-type=\"widget\" data-widget_type=\"shortcode.default\">\n\t\t\t\t<div class=\"elementor-widget-container\">\n\t\t\t\t\t\t\t<div class=\"elementor-shortcode\">\n<div class=\"wpcf7 no-js\" id=\"wpcf7-f767-o1\" lang=\"en-US\" dir=\"ltr\" data-wpcf7-id=\"767\">\n<div class=\"screen-reader-response\"><p role=\"status\" aria-live=\"polite\" aria-atomic=\"true\"><\/p> <ul><\/ul><\/div>\n<form action=\"\/fr_fr\/wp-json\/wp\/v2\/pages\/122#wpcf7-f767-o1\" method=\"post\" class=\"wpcf7-form init\" aria-label=\"Contact form\" novalidate=\"novalidate\" data-status=\"init\" data-trp-original-action=\"\/fr_fr\/wp-json\/wp\/v2\/pages\/122#wpcf7-f767-o1\">\n<fieldset class=\"hidden-fields-container\"><input type=\"hidden\" name=\"_wpcf7\" value=\"767\" \/><input type=\"hidden\" name=\"_wpcf7_version\" value=\"6.1.5\" \/><input type=\"hidden\" name=\"_wpcf7_locale\" value=\"en_US\" \/><input type=\"hidden\" name=\"_wpcf7_unit_tag\" value=\"wpcf7-f767-o1\" \/><input type=\"hidden\" name=\"_wpcf7_container_post\" value=\"0\" \/><input type=\"hidden\" name=\"_wpcf7_posted_data_hash\" value=\"\" \/>\n<\/fieldset>\n<div class=\"cons-contact-form\">\n\t<div class=\"section-head left wt-small-separator-outer\">\n\t\t<div class=\"wt-small-separator site-text-primary\">\n\t\t\t<div class=\"sep-leaf-left\">\n\t\t\t<\/div>\n\t\t\t<div>\n\t\t\t\t<p>Vous avez des questions ?\n\t\t\t\t<\/p>\n\t\t\t<\/div>\n\t\t\t<div class=\"sep-leaf-right\">\n\t\t\t<\/div>\n\t\t<\/div>\n\t\t<h2>\u00c9crivez-nous\n\t\t<\/h2>\n\t<\/div>\n\t<div class=\"row\">\n\t\t<div class=\"col-lg-12 col-md-12\">\n\t\t\t<div class=\"form-group\">\n\t\t\t\t<p><span class=\"wpcf7-form-control-wrap\" data-name=\"text-744\"><input size=\"40\" maxlength=\"400\" class=\"wpcf7-form-control wpcf7-text form-control\" aria-invalid=\"false\" placeholder=\"Nom\" value=\"\" type=\"text\" name=\"text-744\" \/><\/span>\n\t\t\t\t<\/p>\n\t\t\t<\/div>\n\t\t<\/div>\n\t\t<div class=\"col-lg-12 col-md-12\">\n\t\t\t<div class=\"form-group\">\n\t\t\t\t<p><span class=\"wpcf7-form-control-wrap\" data-name=\"email-938\"><input size=\"40\" maxlength=\"400\" class=\"wpcf7-form-control wpcf7-email wpcf7-text wpcf7-validates-as-email form-control\" aria-invalid=\"false\" placeholder=\"Courrier \u00e9lectronique\" value=\"\" type=\"email\" name=\"email-938\" \/><\/span>\n\t\t\t\t<\/p>\n\t\t\t<\/div>\n\t\t<\/div>\n\t\t<div class=\"col-lg-12 col-md-12\">\n\t\t\t<div class=\"form-group\">\n\t\t\t\t<p><span class=\"wpcf7-form-control-wrap\" data-name=\"text-745\"><input size=\"40\" maxlength=\"400\" class=\"wpcf7-form-control wpcf7-text form-control\" aria-invalid=\"false\" placeholder=\"Sujet\" value=\"\" type=\"text\" name=\"text-745\" \/><\/span>\n\t\t\t\t<\/p>\n\t\t\t<\/div>\n\t\t<\/div>\n\t\t<div class=\"col-md-12\">\n\t\t\t<div class=\"form-group\">\n\t\t\t\t<p><span class=\"wpcf7-form-control-wrap\" data-name=\"textarea-961\"><textarea cols=\"40\" rows=\"10\" maxlength=\"2000\" class=\"wpcf7-form-control wpcf7-textarea form-control\" aria-invalid=\"false\" placeholder=\"Message\" name=\"textarea-961\"><\/textarea><\/span>\n\t\t\t\t<\/p>\n\t\t\t<\/div>\n\t\t<\/div>\n\t\t<p><span class=\"wpcf7-form-control-wrap kc_captcha\" data-name=\"kc_captcha\"><span class=\"wpcf7-form-control wpcf7-radio\"><span class=\"captcha-image\" ><span class=\"cf7ic_instructions\">Please prove you are human by selecting the<span> cup<\/span>.<\/span><label><input aria-label=\"1\" type=\"radio\" name=\"kc_captcha\" value=\"kc_human\" \/><svg aria-hidden=\"true\" role=\"img\" xmlns=\"http:\/\/www.w3.org\/2000\/svg\" viewbox=\"0 0 640 512\"><path fill=\"currentColor\" d=\"M192 384h192c53 0 96-43 96-96h32a128 128 0 000-256H120c-13 0-24 11-24 24v232c0 53 43 96 96 96zM512 96a64 64 0 010 128h-32V96h32zm48 384H48c-47 0-61-64-36-64h584c25 0 11 64-36 64z\"\/><\/svg><\/label><label><input aria-label=\"2\" type=\"radio\" name=\"kc_captcha\" value=\"bot\" \/><svg aria-hidden=\"true\" role=\"img\" xmlns=\"http:\/\/www.w3.org\/2000\/svg\" viewbox=\"0 0 512 512\"><path fill=\"currentColor\" d=\"M350 99c-54 0-98-35-166-35-25 0-47 4-68 12a56 56 0 004-24C118 24 95 1 66 0a56 56 0 00-34 102v386c0 13 11 24 24 24h16c13 0 24-11 24-24v-94c28-12 64-23 114-23 54 0 98 35 166 35 48 0 86-16 122-41 9-6 14-15 14-26V96c0-23-24-39-45-29-35 16-77 32-117 32z\"\/><\/svg><\/label><label><input aria-label=\"3\" type=\"radio\" name=\"kc_captcha\" value=\"bot\" \/><svg aria-hidden=\"true\" role=\"img\" xmlns=\"http:\/\/www.w3.org\/2000\/svg\" viewbox=\"0 0 640 512\"><path fill=\"currentColor\" d=\"M624 352h-16V244c0-13-5-25-14-34L494 110c-9-9-21-14-34-14h-44V48c0-26-21-48-48-48H48C22 0 0 22 0 48v320c0 27 22 48 48 48h16a96 96 0 00192 0h128a96 96 0 00192 0h48c9 0 16-7 16-16v-32c0-9-7-16-16-16zM160 464a48 48 0 110-96 48 48 0 010 96zm320 0a48 48 0 110-96 48 48 0 010 96zm80-208H416V144h44l100 100v12z\"\/><\/svg><\/label>\r\n    <\/span>\r\n    <span style=\"display:none\">\r\n        <input type=\"text\" name=\"kc_honeypot\">\r\n    <\/span><\/span><\/span>\n\t\t<\/p>\n\t\t<div class=\"col-md-12\">\n\t\t\t<p><input class=\"wpcf7-form-control wpcf7-submit has-spinner site-button site-btn-effect\" type=\"submit\" value=\"Envoyer\" \/>\n\t\t\t<\/p>\n\t\t<\/div>\n\t<\/div>\n<\/div><div class=\"wpcf7-response-output\" aria-hidden=\"true\"><\/div>\n<input type=\"hidden\" name=\"trp-form-language\" value=\"fr_fr\"\/><\/form>\n<\/div>\n<\/div>\n\t\t\t\t\t\t<\/div>\n\t\t\t\t<\/div>\n\t\t\t\t\t<\/div>\n\t\t<\/div>\n\t\t\t\t\t<\/div>\n\t\t<\/section>\n\t\t\t\t<\/div>","protected":false},"excerpt":{"rendered":"<p>Wir freuen uns auf Sie! Kontakt Telefonnummer +41 52 670 14 67 E-Mail Adresse info@atlas-natursteine.ch Anschrift Atlas Natursteine AG Alti Ruedelfingerstrasse 19, 8460 Marthalen \u00d6ffnungszeiten Sommer (1. M\u00e4rz bis Ende Oktober)Mo. \u2013 Do. 7:00 \u2013 12:00 Uhr, 13:00 \u2013 17:30 UhrFr. 7:00 \u2013 12:00 Uhr, 13:00 \u2013 16:00 UhrSa. 8:00 \u2013 13:00 Uhr \u00d6ffnungszeiten Winter [&hellip;]<\/p>\n","protected":false},"author":1,"featured_media":0,"parent":0,"menu_order":0,"comment_status":"closed","ping_status":"closed","template":"","meta":{"footnotes":""},"class_list":["post-122","page","type-page","status-publish","hentry"],"acf":[],"yoast_head":"<!-- This site is optimized with the Yoast SEO plugin v27.3 - https:\/\/yoast.com\/product\/yoast-seo-wordpress\/ -->\n<title>Kontakt - A-Joint<\/title>\n<meta name=\"robots\" content=\"index, follow, max-snippet:-1, max-image-preview:large, max-video-preview:-1\" \/>\n<link rel=\"canonical\" href=\"https:\/\/a-joint.ch\/fr_fr\/kontakt\/\" \/>\n<meta property=\"og:locale\" content=\"fr_FR\" \/>\n<meta property=\"og:type\" content=\"article\" \/>\n<meta property=\"og:title\" content=\"Kontakt - A-Joint\" \/>\n<meta property=\"og:description\" content=\"Wir freuen uns auf Sie! Kontakt Telefonnummer +41 52 670 14 67 E-Mail Adresse info@atlas-natursteine.ch Anschrift Atlas Natursteine AG Alti Ruedelfingerstrasse 19, 8460 Marthalen \u00d6ffnungszeiten Sommer (1. M\u00e4rz bis Ende Oktober)Mo. \u2013 Do. 7:00 \u2013 12:00 Uhr, 13:00 \u2013 17:30 UhrFr. 7:00 \u2013 12:00 Uhr, 13:00 \u2013 16:00 UhrSa. 8:00 \u2013 13:00 Uhr \u00d6ffnungszeiten Winter [&hellip;]\" \/>\n<meta property=\"og:url\" content=\"https:\/\/a-joint.ch\/fr_fr\/kontakt\/\" \/>\n<meta property=\"og:site_name\" content=\"A-Joint\" \/>\n<meta property=\"article:modified_time\" content=\"2023-08-08T09:14:38+00:00\" \/>\n<meta name=\"twitter:card\" content=\"summary_large_image\" \/>\n<meta name=\"twitter:label1\" content=\"Dur\u00e9e de lecture estim\u00e9e\" \/>\n\t<meta name=\"twitter:data1\" content=\"16 minutes\" \/>\n<script type=\"application\/ld+json\" class=\"yoast-schema-graph\">{\"@context\":\"https:\\\/\\\/schema.org\",\"@graph\":[{\"@type\":\"WebPage\",\"@id\":\"https:\\\/\\\/a-joint.ch\\\/kontakt\\\/\",\"url\":\"https:\\\/\\\/a-joint.ch\\\/kontakt\\\/\",\"name\":\"Kontakt - A-Joint\",\"isPartOf\":{\"@id\":\"https:\\\/\\\/a-joint.ch\\\/#website\"},\"datePublished\":\"2020-12-12T10:14:41+00:00\",\"dateModified\":\"2023-08-08T09:14:38+00:00\",\"breadcrumb\":{\"@id\":\"https:\\\/\\\/a-joint.ch\\\/kontakt\\\/#breadcrumb\"},\"inLanguage\":\"fr-FR\",\"potentialAction\":[{\"@type\":\"ReadAction\",\"target\":[\"https:\\\/\\\/a-joint.ch\\\/kontakt\\\/\"]}]},{\"@type\":\"BreadcrumbList\",\"@id\":\"https:\\\/\\\/a-joint.ch\\\/kontakt\\\/#breadcrumb\",\"itemListElement\":[{\"@type\":\"ListItem\",\"position\":1,\"name\":\"Startseite\",\"item\":\"https:\\\/\\\/a-joint.ch\\\/\"},{\"@type\":\"ListItem\",\"position\":2,\"name\":\"Kontakt\"}]},{\"@type\":\"WebSite\",\"@id\":\"https:\\\/\\\/a-joint.ch\\\/#website\",\"url\":\"https:\\\/\\\/a-joint.ch\\\/\",\"name\":\"A-Joint\",\"description\":\"Die Perfekte Fuge\",\"publisher\":{\"@id\":\"https:\\\/\\\/a-joint.ch\\\/#organization\"},\"potentialAction\":[{\"@type\":\"SearchAction\",\"target\":{\"@type\":\"EntryPoint\",\"urlTemplate\":\"https:\\\/\\\/a-joint.ch\\\/?s={search_term_string}\"},\"query-input\":{\"@type\":\"PropertyValueSpecification\",\"valueRequired\":true,\"valueName\":\"search_term_string\"}}],\"inLanguage\":\"fr-FR\"},{\"@type\":\"Organization\",\"@id\":\"https:\\\/\\\/a-joint.ch\\\/#organization\",\"name\":\"A-JOINT GmbH\",\"url\":\"https:\\\/\\\/a-joint.ch\\\/\",\"logo\":{\"@type\":\"ImageObject\",\"inLanguage\":\"fr-FR\",\"@id\":\"https:\\\/\\\/a-joint.ch\\\/#\\\/schema\\\/logo\\\/image\\\/\",\"url\":\"https:\\\/\\\/a-joint.ch\\\/wp-content\\\/uploads\\\/2022\\\/03\\\/Logo-maintenance-120x305-1.png\",\"contentUrl\":\"https:\\\/\\\/a-joint.ch\\\/wp-content\\\/uploads\\\/2022\\\/03\\\/Logo-maintenance-120x305-1.png\",\"width\":305,\"height\":120,\"caption\":\"A-JOINT GmbH\"},\"image\":{\"@id\":\"https:\\\/\\\/a-joint.ch\\\/#\\\/schema\\\/logo\\\/image\\\/\"}}]}<\/script>\n<!-- \/ Yoast SEO plugin. -->","yoast_head_json":{"title":"Kontakt - A-Joint","robots":{"index":"index","follow":"follow","max-snippet":"max-snippet:-1","max-image-preview":"max-image-preview:large","max-video-preview":"max-video-preview:-1"},"canonical":"https:\/\/a-joint.ch\/fr_fr\/kontakt\/","og_locale":"fr_FR","og_type":"article","og_title":"Kontakt - A-Joint","og_description":"Wir freuen uns auf Sie! Kontakt Telefonnummer +41 52 670 14 67 E-Mail Adresse info@atlas-natursteine.ch Anschrift Atlas Natursteine AG Alti Ruedelfingerstrasse 19, 8460 Marthalen \u00d6ffnungszeiten Sommer (1. M\u00e4rz bis Ende Oktober)Mo. \u2013 Do. 7:00 \u2013 12:00 Uhr, 13:00 \u2013 17:30 UhrFr. 7:00 \u2013 12:00 Uhr, 13:00 \u2013 16:00 UhrSa. 8:00 \u2013 13:00 Uhr \u00d6ffnungszeiten Winter [&hellip;]","og_url":"https:\/\/a-joint.ch\/fr_fr\/kontakt\/","og_site_name":"A-Joint","article_modified_time":"2023-08-08T09:14:38+00:00","twitter_card":"summary_large_image","twitter_misc":{"Dur\u00e9e de lecture estim\u00e9e":"16 minutes"},"schema":{"@context":"https:\/\/schema.org","@graph":[{"@type":"WebPage","@id":"https:\/\/a-joint.ch\/kontakt\/","url":"https:\/\/a-joint.ch\/kontakt\/","name":"Kontakt - A-Joint","isPartOf":{"@id":"https:\/\/a-joint.ch\/#website"},"datePublished":"2020-12-12T10:14:41+00:00","dateModified":"2023-08-08T09:14:38+00:00","breadcrumb":{"@id":"https:\/\/a-joint.ch\/kontakt\/#breadcrumb"},"inLanguage":"fr-FR","potentialAction":[{"@type":"ReadAction","target":["https:\/\/a-joint.ch\/kontakt\/"]}]},{"@type":"BreadcrumbList","@id":"https:\/\/a-joint.ch\/kontakt\/#breadcrumb","itemListElement":[{"@type":"ListItem","position":1,"name":"Startseite","item":"https:\/\/a-joint.ch\/"},{"@type":"ListItem","position":2,"name":"Kontakt"}]},{"@type":"WebSite","@id":"https:\/\/a-joint.ch\/#website","url":"https:\/\/a-joint.ch\/","name":"A-Joint","description":"Die Perfekte Fuge","publisher":{"@id":"https:\/\/a-joint.ch\/#organization"},"potentialAction":[{"@type":"SearchAction","target":{"@type":"EntryPoint","urlTemplate":"https:\/\/a-joint.ch\/?s={search_term_string}"},"query-input":{"@type":"PropertyValueSpecification","valueRequired":true,"valueName":"search_term_string"}}],"inLanguage":"fr-FR"},{"@type":"Organization","@id":"https:\/\/a-joint.ch\/#organization","name":"A-JOINT GmbH","url":"https:\/\/a-joint.ch\/","logo":{"@type":"ImageObject","inLanguage":"fr-FR","@id":"https:\/\/a-joint.ch\/#\/schema\/logo\/image\/","url":"https:\/\/a-joint.ch\/wp-content\/uploads\/2022\/03\/Logo-maintenance-120x305-1.png","contentUrl":"https:\/\/a-joint.ch\/wp-content\/uploads\/2022\/03\/Logo-maintenance-120x305-1.png","width":305,"height":120,"caption":"A-JOINT GmbH"},"image":{"@id":"https:\/\/a-joint.ch\/#\/schema\/logo\/image\/"}}]}},"_links":{"self":[{"href":"https:\/\/a-joint.ch\/fr_fr\/wp-json\/wp\/v2\/pages\/122","targetHints":{"allow":["GET"]}}],"collection":[{"href":"https:\/\/a-joint.ch\/fr_fr\/wp-json\/wp\/v2\/pages"}],"about":[{"href":"https:\/\/a-joint.ch\/fr_fr\/wp-json\/wp\/v2\/types\/page"}],"author":[{"embeddable":true,"href":"https:\/\/a-joint.ch\/fr_fr\/wp-json\/wp\/v2\/users\/1"}],"replies":[{"embeddable":true,"href":"https:\/\/a-joint.ch\/fr_fr\/wp-json\/wp\/v2\/comments?post=122"}],"version-history":[{"count":89,"href":"https:\/\/a-joint.ch\/fr_fr\/wp-json\/wp\/v2\/pages\/122\/revisions"}],"predecessor-version":[{"id":2316,"href":"https:\/\/a-joint.ch\/fr_fr\/wp-json\/wp\/v2\/pages\/122\/revisions\/2316"}],"wp:attachment":[{"href":"https:\/\/a-joint.ch\/fr_fr\/wp-json\/wp\/v2\/media?parent=122"}],"curies":[{"name":"wp","href":"https:\/\/api.w.org\/{rel}","templated":true}]}}